{"id":27,"date":"2014-12-27T09:53:24","date_gmt":"2014-12-27T08:53:24","guid":{"rendered":"http:\/\/argonavtskimaraton.si\/n\/?page_id=27"},"modified":"2024-07-20T14:30:43","modified_gmt":"2024-07-20T13:30:43","slug":"trasa-argonavtski-maraton","status":"publish","type":"page","link":"https:\/\/argonavtskimaraton.si\/n\/trasa-argonavtski-maraton\/","title":{"rendered":"Argonavtski maraton &#8211; start ob 8:30"},"content":{"rendered":"<iframe src=\"https:\/\/ridewithgps.com\/embeds?type=route&#038;id=47658971&#038;metricUnits=true&#038;sampleGraph=true&#038;distanceMarkers=true&#038;showPhotos=true\" style=\"width: 1px; min-width: 100%; height: 700px; border: none;\" scrolling=\"no\"><\/iframe>\r\n\r\n\r\n<p><span style=\"color: #000000;\">Start maratona je na Jelov\u0161kovi cesti na Vrhniki in zavije levo proti Borovnici, nadaljuje proti Podpe\u010di, Notranjim in Vnanjim Goricam (med 19km in 21km trasa dvakrat pre\u010dka \u017eelezni\u0161ko progo) in Brezovici pri Ljubljani, kjer zavije desno na Tr\u017ea\u0161ko cesto.<\/span><\/p>\r\n\r\n\r\n\r\n<p><span style=\"color: #000000;\">Pri Paviljonu trasa zavije levo proti Dobrovi ter nadaljuje v smeri Horjula, kjer V Zaklancu zavije desno proti Dolenji vasi pri Polhovem Gradcu. V Polhovem Gradcu, po dobrih 40km vo\u017enje, \u010daka kolesarje prva okrep\u010devalnica.<\/span><\/p>\r\n\r\n\r\n\r\n<p><span style=\"color: #000000;\">Nato trasa pelje v Polhograjske Dolomite, kjer v Setniku (Zalogu) zavije levo v Jernej\u010dkov graben. Po 5-ih km zavije desno v Medvedov graben, kjer \u010daka kolesarje 3 km vzpon s povpre\u010dnim 6% naklonom do druge okrep\u010devalnice na Planini nad Horjulom, ki je s 775m nad morjem tudi najvi\u0161ja to\u010dka maratona.<\/span><\/p>\r\n\r\n\r\n\r\n<p><span style=\"color: #000000;\">Nato sledi spust proti Suhem dolu. Cesta se tik pred Suhim delom zo\u017ei in je odsek zaradi tega nevaren. Od Suhega dola sledi po cesti 407, spust v Kurjo vas, z nevarnim dvojnim 180 stopinjskim ovinkom (prvi zavoj v desno nato v levo). Trasa nato vodi skozi Ljubljanico, Na Pil kateremu sledi spust do odcepa za \u0160entjo\u0161t in se pri\u010dne 2km vzpon na \u0160entjo\u0161t.<\/span><\/p>\r\n\r\n\r\n\r\n<p><span style=\"color: #000000;\">V \u0160entjo\u0161tu se trasa spusti desno v vas Potok. Spust je kratek, vendar zaradi ozke ceste nevaren.<\/span><\/p>\r\n\r\n\r\n\r\n<p><span style=\"color: #000000;\">Iz vasi Potok zavije trasa levo v 4km spust proti Podlipi in nato naprej proti Vrhniki, kjer se maraton s ciljem v Delavskem naselju na Vrhniki zaklju\u010di.<\/span><\/p>\r\n\r\n\r\n\r\n<p><span style=\"color: #000000;\"><strong>NEVARNI ODSEKI:<\/strong><\/span><\/p>\r\n\r\n\r\n\r\n<ul class=\"wp-block-list\"><li><span style=\"color: #000000;\">Pre\u010dkanje \u017eelezni\u0161ke proge v Notranjih in Vnanjih Goricah (med 19km in 21km).<\/span><\/li><li><span style=\"color: #000000;\">Spust med Planino nad Horjulom in Suhim dolom (med 59km in 61km) &#8211; tik pred Suhim delom se cesta zo\u017ei in je odsek zaradi tega nevaren.<\/span><\/li><li><span style=\"color: #000000;\">Spust od Suhega dola in Kurjo vasjo (med 61km in 66km, cesta 407) &#8211; spust z nevarnim dvojnim 180 stopinjskim ovinkom (prvi zavoj v desno nato v levo).<\/span><\/li><li><span style=\"color: #000000;\">Spust iz \u0160entjo\u0161ta v vas Potok in nato po vzponu ponoven spust in priklju\u010dek na cesto proti Podlipi.<\/span><\/li><\/ul>\r\n","protected":false},"excerpt":{"rendered":"<p>Start maratona je na Jelov\u0161kovi cesti na Vrhniki in zavije levo proti Borovnici, nadaljuje proti Podpe\u010di, Notranjim in Vnanjim Goricam (med 19km in 21km trasa dvakrat pre\u010dka \u017eelezni\u0161ko progo) in Brezovici pri Ljubljani, kjer zavije desno na Tr\u017ea\u0161ko cesto. Pri Paviljonu trasa zavije levo proti Dobrovi ter nadaljuje v smeri Horjula, kjer V Zaklancu zavije [&hellip;]<\/p>\n","protected":false},"author":1,"featured_media":0,"parent":0,"menu_order":0,"comment_status":"closed","ping_status":"closed","template":"","meta":{"_uag_custom_page_level_css":"","site-sidebar-layout":"default","site-content-layout":"","ast-site-content-layout":"default","site-content-style":"default","site-sidebar-style":"default","ast-global-header-display":"","ast-banner-title-visibility":"","ast-main-header-display":"","ast-hfb-above-header-display":"","ast-hfb-below-header-display":"","ast-hfb-mobile-header-display":"","site-post-title":"","ast-breadcrumbs-content":"","ast-featured-img":"","footer-sml-layout":"","theme-transparent-header-meta":"","adv-header-id-meta":"","stick-header-meta":"","header-above-stick-meta":"","header-main-stick-meta":"","header-below-stick-meta":"","astra-migrate-meta-layouts":"default","ast-page-background-enabled":"default","ast-page-background-meta":{"desktop":{"background-color":"var(--ast-global-color-4)","background-image":"","background-repeat":"repeat","background-position":"center center","background-size":"auto","background-attachment":"scroll","background-type":"","background-media":"","overlay-type":"","overlay-color":"","overlay-opacity":"","overlay-gradient":""},"tablet":{"background-color":"","background-image":"","background-repeat":"repeat","background-position":"center center","background-size":"auto","background-attachment":"scroll","background-type":"","background-media":"","overlay-type":"","overlay-color":"","overlay-opacity":"","overlay-gradient":""},"mobile":{"background-color":"","background-image":"","background-repeat":"repeat","background-position":"center center","background-size":"auto","background-attachment":"scroll","background-type":"","background-media":"","overlay-type":"","overlay-color":"","overlay-opacity":"","overlay-gradient":""}},"ast-content-background-meta":{"desktop":{"background-color":"var(--ast-global-color-5)","background-image":"","background-repeat":"repeat","background-position":"center center","background-size":"auto","background-attachment":"scroll","background-type":"","background-media":"","overlay-type":"","overlay-color":"","overlay-opacity":"","overlay-gradient":""},"tablet":{"background-color":"var(--ast-global-color-5)","background-image":"","background-repeat":"repeat","background-position":"center center","background-size":"auto","background-attachment":"scroll","background-type":"","background-media":"","overlay-type":"","overlay-color":"","overlay-opacity":"","overlay-gradient":""},"mobile":{"background-color":"var(--ast-global-color-5)","background-image":"","background-repeat":"repeat","background-position":"center center","background-size":"auto","background-attachment":"scroll","background-type":"","background-media":"","overlay-type":"","overlay-color":"","overlay-opacity":"","overlay-gradient":""}},"footnotes":""},"categories":[],"class_list":["post-27","page","type-page","status-publish","hentry"],"pbg_featured_image_src":{"full":false,"thumbnail":false,"medium":false,"medium_large":false,"large":false,"1536x1536":false,"2048x2048":false,"album-thumb":false,"photo-thumb":false},"pbg_author_info":{"display_name":"admin","author_link":"https:\/\/argonavtskimaraton.si\/n\/author\/admin\/","author_img":"<img alt='admin' src='https:\/\/secure.gravatar.com\/avatar\/dfd364581d3c843060a369f38a81deddd13ec2a8d9e1a70008356fb805cc9e80?s=128&#038;d=mm&#038;r=g' srcset='https:\/\/secure.gravatar.com\/avatar\/dfd364581d3c843060a369f38a81deddd13ec2a8d9e1a70008356fb805cc9e80?s=256&#038;d=mm&#038;r=g 2x' class='avatar avatar-128 photo' height='128' width='128' loading='lazy' decoding='async'\/>"},"pbg_comment_info":" No Comments","pbg_excerpt":"Start maratona je na Jelov\u0161kovi cesti na Vrhniki in zavije levo proti Borovnici, nadaljuje proti Podpe\u010di, Notranjim in Vnanjim Goricam (med 19km in 21km trasa dvakrat pre\u010dka \u017eelezni\u0161ko progo) in Brezovici pri Ljubljani, kjer zavije desno na Tr\u017ea\u0161ko cesto. Pri Paviljonu trasa zavije levo proti Dobrovi ter nadaljuje v smeri Horjula, kjer V Zaklancu zavije&hellip;","spectra_custom_meta":{"_edit_last":["1"],"_edit_lock":["1739644980:3"],"_wp_page_template":["default"],"_pbg_blocks_version":["1739644424"],"_premium_css_file_name":["premium-style-27-1747516186.css"],"_premium_css_version":["1747516186"],"_uag_css_file_name":["uag-css-27.css"],"_uagb_previous_block_counts":["a:90:{s:21:\"uagb\/advanced-heading\";i:0;s:15:\"uagb\/blockquote\";i:0;s:12:\"uagb\/buttons\";i:0;s:18:\"uagb\/buttons-child\";i:0;s:19:\"uagb\/call-to-action\";i:0;s:15:\"uagb\/cf7-styler\";i:0;s:11:\"uagb\/column\";i:0;s:12:\"uagb\/columns\";i:0;s:14:\"uagb\/container\";i:0;s:21:\"uagb\/content-timeline\";i:0;s:27:\"uagb\/content-timeline-child\";i:0;s:14:\"uagb\/countdown\";i:0;s:12:\"uagb\/counter\";i:0;s:8:\"uagb\/faq\";i:0;s:14:\"uagb\/faq-child\";i:0;s:10:\"uagb\/forms\";i:0;s:17:\"uagb\/forms-accept\";i:0;s:19:\"uagb\/forms-checkbox\";i:0;s:15:\"uagb\/forms-date\";i:0;s:16:\"uagb\/forms-email\";i:0;s:17:\"uagb\/forms-hidden\";i:0;s:15:\"uagb\/forms-name\";i:0;s:16:\"uagb\/forms-phone\";i:0;s:16:\"uagb\/forms-radio\";i:0;s:17:\"uagb\/forms-select\";i:0;s:19:\"uagb\/forms-textarea\";i:0;s:17:\"uagb\/forms-toggle\";i:0;s:14:\"uagb\/forms-url\";i:0;s:14:\"uagb\/gf-styler\";i:0;s:15:\"uagb\/google-map\";i:0;s:11:\"uagb\/how-to\";i:0;s:16:\"uagb\/how-to-step\";i:0;s:9:\"uagb\/icon\";i:0;s:14:\"uagb\/icon-list\";i:0;s:20:\"uagb\/icon-list-child\";i:0;s:10:\"uagb\/image\";i:0;s:18:\"uagb\/image-gallery\";i:0;s:13:\"uagb\/info-box\";i:0;s:18:\"uagb\/inline-notice\";i:0;s:11:\"uagb\/lottie\";i:0;s:21:\"uagb\/marketing-button\";i:0;s:10:\"uagb\/modal\";i:0;s:18:\"uagb\/popup-builder\";i:0;s:16:\"uagb\/post-button\";i:0;s:18:\"uagb\/post-carousel\";i:0;s:17:\"uagb\/post-excerpt\";i:0;s:14:\"uagb\/post-grid\";i:0;s:15:\"uagb\/post-image\";i:0;s:17:\"uagb\/post-masonry\";i:0;s:14:\"uagb\/post-meta\";i:0;s:18:\"uagb\/post-taxonomy\";i:0;s:18:\"uagb\/post-timeline\";i:0;s:15:\"uagb\/post-title\";i:0;s:20:\"uagb\/restaurant-menu\";i:0;s:26:\"uagb\/restaurant-menu-child\";i:0;s:11:\"uagb\/review\";i:0;s:12:\"uagb\/section\";i:0;s:14:\"uagb\/separator\";i:0;s:11:\"uagb\/slider\";i:0;s:17:\"uagb\/slider-child\";i:0;s:17:\"uagb\/social-share\";i:0;s:23:\"uagb\/social-share-child\";i:0;s:16:\"uagb\/star-rating\";i:0;s:23:\"uagb\/sure-cart-checkout\";i:0;s:22:\"uagb\/sure-cart-product\";i:0;s:15:\"uagb\/sure-forms\";i:0;s:22:\"uagb\/table-of-contents\";i:0;s:9:\"uagb\/tabs\";i:0;s:15:\"uagb\/tabs-child\";i:0;s:18:\"uagb\/taxonomy-list\";i:0;s:9:\"uagb\/team\";i:0;s:16:\"uagb\/testimonial\";i:0;s:14:\"uagb\/wp-search\";i:0;s:19:\"uagb\/instagram-feed\";i:0;s:10:\"uagb\/login\";i:0;s:17:\"uagb\/loop-builder\";i:0;s:18:\"uagb\/loop-category\";i:0;s:20:\"uagb\/loop-pagination\";i:0;s:15:\"uagb\/loop-reset\";i:0;s:16:\"uagb\/loop-search\";i:0;s:14:\"uagb\/loop-sort\";i:0;s:17:\"uagb\/loop-wrapper\";i:0;s:13:\"uagb\/register\";i:0;s:19:\"uagb\/register-email\";i:0;s:24:\"uagb\/register-first-name\";i:0;s:23:\"uagb\/register-last-name\";i:0;s:22:\"uagb\/register-password\";i:0;s:30:\"uagb\/register-reenter-password\";i:0;s:19:\"uagb\/register-terms\";i:0;s:22:\"uagb\/register-username\";i:0;}"],"_uag_page_assets":["a:9:{s:3:\"css\";s:11715:\".uag-blocks-common-selector{z-index:var(--z-index-desktop) !important}@media(max-width: 976px){.uag-blocks-common-selector{z-index:var(--z-index-tablet) !important}}@media(max-width: 767px){.uag-blocks-common-selector{z-index:var(--z-index-mobile) !important}}.wp-block-uagb-image{display:flex}.wp-block-uagb-image__figure{position:relative;display:flex;flex-direction:column;max-width:100%;height:auto;margin:0}.wp-block-uagb-image__figure img{height:auto;display:flex;max-width:100%;transition:box-shadow .2s ease}.wp-block-uagb-image__figure>a{display:inline-block}.wp-block-uagb-image__figure figcaption{text-align:center;margin-top:.5em;margin-bottom:1em}.wp-block-uagb-image .components-placeholder.block-editor-media-placeholder .components-placeholder__instructions{align-self:center}.wp-block-uagb-image--align-left{text-align:left}.wp-block-uagb-image--align-right{text-align:right}.wp-block-uagb-image--align-center{text-align:center}.wp-block-uagb-image--align-full .wp-block-uagb-image__figure{margin-left:calc(50% - 50vw);margin-right:calc(50% - 50vw);max-width:100vw;width:100vw;height:auto}.wp-block-uagb-image--align-full .wp-block-uagb-image__figure img{height:auto;width:100% !important}.wp-block-uagb-image--align-wide .wp-block-uagb-image__figure img{height:auto;width:100%}.wp-block-uagb-image--layout-overlay__color-wrapper{position:absolute;left:0;top:0;right:0;bottom:0;opacity:.2;background:rgba(0,0,0,.5);transition:opacity .35s ease-in-out}.wp-block-uagb-image--layout-overlay-link{position:absolute;left:0;right:0;bottom:0;top:0}.wp-block-uagb-image--layout-overlay .wp-block-uagb-image__figure:hover .wp-block-uagb-image--layout-overlay__color-wrapper{opacity:1}.wp-block-uagb-image--layout-overlay__inner{position:absolute;left:15px;right:15px;bottom:15px;top:15px;display:flex;align-items:center;justify-content:center;flex-direction:column;border-color:#fff;transition:.35s ease-in-out}.wp-block-uagb-image--layout-overlay__inner.top-left,.wp-block-uagb-image--layout-overlay__inner.top-center,.wp-block-uagb-image--layout-overlay__inner.top-right{justify-content:flex-start}.wp-block-uagb-image--layout-overlay__inner.bottom-left,.wp-block-uagb-image--layout-overlay__inner.bottom-center,.wp-block-uagb-image--layout-overlay__inner.bottom-right{justify-content:flex-end}.wp-block-uagb-image--layout-overlay__inner.top-left,.wp-block-uagb-image--layout-overlay__inner.center-left,.wp-block-uagb-image--layout-overlay__inner.bottom-left{align-items:flex-start}.wp-block-uagb-image--layout-overlay__inner.top-right,.wp-block-uagb-image--layout-overlay__inner.center-right,.wp-block-uagb-image--layout-overlay__inner.bottom-right{align-items:flex-end}.wp-block-uagb-image--layout-overlay__inner .uagb-image-heading{color:#fff;transition:transform .35s,opacity .35s ease-in-out;transform:translate3d(0, 24px, 0);margin:0;line-height:1em}.wp-block-uagb-image--layout-overlay__inner .uagb-image-separator{width:30%;border-top-width:2px;border-top-color:#fff;border-top-style:solid;margin-bottom:10px;opacity:0;transition:transform .4s,opacity .4s ease-in-out;transform:translate3d(0, 30px, 0)}.wp-block-uagb-image--layout-overlay__inner .uagb-image-caption{opacity:0;overflow:visible;color:#fff;transition:transform .45s,opacity .45s ease-in-out;transform:translate3d(0, 35px, 0)}.wp-block-uagb-image--layout-overlay__inner:hover .uagb-image-heading,.wp-block-uagb-image--layout-overlay__inner:hover .uagb-image-separator,.wp-block-uagb-image--layout-overlay__inner:hover .uagb-image-caption{opacity:1;transform:translate3d(0, 0, 0)}.wp-block-uagb-image--effect-zoomin .wp-block-uagb-image__figure img,.wp-block-uagb-image--effect-zoomin .wp-block-uagb-image__figure .wp-block-uagb-image--layout-overlay__color-wrapper{transform:scale(1);transition:transform .35s ease-in-out}.wp-block-uagb-image--effect-zoomin .wp-block-uagb-image__figure:hover img,.wp-block-uagb-image--effect-zoomin .wp-block-uagb-image__figure:hover .wp-block-uagb-image--layout-overlay__color-wrapper{transform:scale(1.05)}.wp-block-uagb-image--effect-slide .wp-block-uagb-image__figure img,.wp-block-uagb-image--effect-slide .wp-block-uagb-image__figure .wp-block-uagb-image--layout-overlay__color-wrapper{width:calc(100% + 40px) !important;max-width:none !important;transform:translate3d(-40px, 0, 0);transition:transform .35s ease-in-out}.wp-block-uagb-image--effect-slide .wp-block-uagb-image__figure:hover img,.wp-block-uagb-image--effect-slide .wp-block-uagb-image__figure:hover .wp-block-uagb-image--layout-overlay__color-wrapper{transform:translate3d(0, 0, 0)}.wp-block-uagb-image--effect-grayscale img{filter:grayscale(0%);transition:.35s ease-in-out}.wp-block-uagb-image--effect-grayscale:hover img{filter:grayscale(100%)}.wp-block-uagb-image--effect-blur img{filter:blur(0);transition:.35s ease-in-out}.wp-block-uagb-image--effect-blur:hover img{filter:blur(3px)}.uagb-block-5ff5dcc2.wp-block-uagb-image--layout-default figure img{box-shadow: 0px 0px 0 #00000070;}.uagb-block-5ff5dcc2.wp-block-uagb-image .wp-block-uagb-image__figure figcaption{font-style: normal;align-self: center;}.uagb-block-5ff5dcc2.wp-block-uagb-image--layout-overlay figure img{box-shadow: 0px 0px 0 #00000070;}.uagb-block-5ff5dcc2.wp-block-uagb-image--layout-overlay .wp-block-uagb-image--layout-overlay__color-wrapper{opacity: 0.2;}.uagb-block-5ff5dcc2.wp-block-uagb-image--layout-overlay .wp-block-uagb-image--layout-overlay__inner{left: 15px;right: 15px;top: 15px;bottom: 15px;}.uagb-block-5ff5dcc2.wp-block-uagb-image--layout-overlay .wp-block-uagb-image--layout-overlay__inner .uagb-image-heading{font-style: normal;color: #fff;opacity: 1;}.uagb-block-5ff5dcc2.wp-block-uagb-image--layout-overlay .wp-block-uagb-image--layout-overlay__inner .uagb-image-heading a{color: #fff;}.uagb-block-5ff5dcc2.wp-block-uagb-image--layout-overlay .wp-block-uagb-image--layout-overlay__inner .uagb-image-caption{opacity: 0;}.uagb-block-5ff5dcc2.wp-block-uagb-image--layout-overlay .wp-block-uagb-image__figure:hover .wp-block-uagb-image--layout-overlay__color-wrapper{opacity: 1;}.uagb-block-5ff5dcc2.wp-block-uagb-image .wp-block-uagb-image--layout-overlay__inner .uagb-image-separator{width: 30%;border-top-width: 2px;border-top-color: #fff;opacity: 0;}.uagb-block-5ff5dcc2.wp-block-uagb-image .wp-block-uagb-image__figure img{object-fit: cover;width: 300px;height: 122px;}.uagb-block-5ff5dcc2.wp-block-uagb-image .wp-block-uagb-image__figure:hover .wp-block-uagb-image--layout-overlay__inner .uagb-image-caption{opacity: 1;}.uagb-block-5ff5dcc2.wp-block-uagb-image .wp-block-uagb-image__figure:hover .wp-block-uagb-image--layout-overlay__inner .uagb-image-separator{opacity: 1;}.uagb-block-5ff5dcc2.wp-block-uagb-image--layout-default figure:hover img{box-shadow: 0px 0px 0 #00000070;}.uagb-block-5ff5dcc2.wp-block-uagb-image--layout-overlay figure:hover img{box-shadow: 0px 0px 0 #00000070;}@media only screen and (max-width: 976px) {.uagb-block-5ff5dcc2.wp-block-uagb-image .wp-block-uagb-image__figure img{width: 300px;height: auto;}}@media only screen and (max-width: 767px) {.uagb-block-5ff5dcc2.wp-block-uagb-image .wp-block-uagb-image__figure img{width: 300px;height: auto;}}.uagb-icon-list__wrap{display:flex;align-items:flex-start;justify-content:flex-start}.wp-block-uagb-icon-list-child{padding:0;transition:all .2s;display:inline-flex;color:#3a3a3a;align-items:center;text-decoration:none;box-shadow:none}.wp-block-uagb-icon-list-child span.uagb-icon-list__source-wrap{display:block;align-items:center}.uagb-icon-list__source-wrap svg{display:block}.uagb-icon-list__source-image{width:40px}.uagb-icon-list__outer-wrap .uagb-icon-list__content-wrap{color:#3a3a3a;display:flex;align-items:center}.wp-block-uagb-icon-list-child{position:relative}.wp-block-uagb-icon-list-child>a{position:absolute;top:0;left:0;width:100%;height:100%}img.uagb-icon-list__source-image{max-width:unset}.wp-block-uagb-icon-list-child .uagb-icon-list__label{word-break:break-word}.wp-block-uagb-icon-list.uagb-block-4600f53d .uagb-icon-list__source-image{width: 16px;}.wp-block-uagb-icon-list.uagb-block-4600f53d .wp-block-uagb-icon-list-child .uagb-icon-list__source-wrap svg{width: 16px;height: 16px;font-size: 16px;}.wp-block-uagb-icon-list.uagb-block-4600f53d .wp-block-uagb-icon-list-child .uagb-icon-list__source-wrap{padding: 0px;border-radius: 0px;border-width: 0px;align-self: center;}.wp-block-uagb-icon-list.uagb-block-4600f53d .wp-block-uagb-icon-list-child .uagb-icon-list__label{text-decoration: !important;line-height: em;}.wp-block-uagb-icon-list.uagb-block-4600f53d .uagb-icon-list__wrap{display: flex;flex-direction: column;justify-content: center;-webkit-box-pack: center;-ms-flex-pack: center;-webkit-box-align: flex-start;-ms-flex-align: flex-start;align-items: flex-start;}.wp-block-uagb-icon-list.uagb-block-4600f53d .uagb-icon-list__label{text-align: left;}.wp-block-uagb-icon-list.uagb-block-4600f53d .wp-block-uagb-icon-list-child{text-decoration: !important;line-height: em;}.wp-block-uagb-icon-list.uagb-block-4600f53d.wp-block-uagb-icon-list .wp-block-uagb-icon-list-child{margin-left: 0;margin-right: 0;margin-bottom: 10px;}.wp-block-uagb-icon-list.uagb-block-4600f53d .uagb-icon-list__source-wrap{margin-right: 15px;}.uagb-block-209806a2.wp-block-uagb-icon-list-child .uagb-icon-list__source-wrap{background:  !important;border-color:  !important;}.uagb-block-209806a2.wp-block-uagb-icon-list-child:hover .uagb-icon-list__source-wrap{background:  !important;border-color:  !important;}.uagb-block-2ff0b20d.wp-block-uagb-icon-list-child .uagb-icon-list__source-wrap{background:  !important;border-color:  !important;}.uagb-block-2ff0b20d.wp-block-uagb-icon-list-child:hover .uagb-icon-list__source-wrap{background:  !important;border-color:  !important;}.uagb-block-ff2a56a8.wp-block-uagb-icon-list-child .uagb-icon-list__source-wrap{background:  !important;border-color:  !important;}.uagb-block-ff2a56a8.wp-block-uagb-icon-list-child:hover .uagb-icon-list__source-wrap{background:  !important;border-color:  !important;}@media only screen and (max-width: 976px) {.wp-block-uagb-icon-list.uagb-block-4600f53d .uagb-icon-list__source-image{width: 16px;}.wp-block-uagb-icon-list.uagb-block-4600f53d .wp-block-uagb-icon-list-child .uagb-icon-list__source-wrap svg{width: 16px;height: 16px;font-size: 16px;}.wp-block-uagb-icon-list.uagb-block-4600f53d .wp-block-uagb-icon-list-child .uagb-icon-list__source-wrap {padding: 0px;border-width: 0px;align-self: center;}.wp-block-uagb-icon-list.uagb-block-4600f53d .uagb-icon-list__wrap{display: flex;flex-direction: column;justify-content: center;-webkit-box-pack: center;-ms-flex-pack: center;-webkit-box-align: flex-start;-ms-flex-align: flex-start;align-items: flex-start;}.wp-block-uagb-icon-list.uagb-block-4600f53d.wp-block-uagb-icon-list .wp-block-uagb-icon-list-child{margin-left: 0;margin-right: 0;margin-bottom: 10px;}}@media only screen and (max-width: 767px) {.wp-block-uagb-icon-list.uagb-block-4600f53d .uagb-icon-list__source-image{width: 16px;}.wp-block-uagb-icon-list.uagb-block-4600f53d .wp-block-uagb-icon-list-child .uagb-icon-list__source-wrap svg{width: 16px;height: 16px;font-size: 16px;}.wp-block-uagb-icon-list.uagb-block-4600f53d .wp-block-uagb-icon-list-child .uagb-icon-list__source-wrap{padding: 0px;border-width: 0px;align-self: center;}.wp-block-uagb-icon-list.uagb-block-4600f53d .uagb-icon-list__wrap{display: flex;flex-direction: column;justify-content: center;-webkit-box-pack: center;-ms-flex-pack: center;-webkit-box-align: flex-start;-ms-flex-align: flex-start;align-items: flex-start;}.wp-block-uagb-icon-list.uagb-block-4600f53d.wp-block-uagb-icon-list .wp-block-uagb-icon-list-child{margin-left: 0;margin-right: 0;margin-bottom: 10px;}}\";s:2:\"js\";s:0:\"\";s:18:\"current_block_list\";a:12:{i:0;s:14:\"core\/paragraph\";i:1;s:9:\"core\/list\";i:2;s:10:\"uagb\/image\";i:3;s:14:\"uagb\/icon-list\";i:4;s:20:\"uagb\/icon-list-child\";i:5;s:16:\"kadence\/iconlist\";i:6;s:16:\"kadence\/listitem\";i:7;s:14:\"core\/page-list\";i:8;s:12:\"core\/columns\";i:9;s:11:\"core\/column\";i:10;s:23:\"kadence\/advancedheading\";i:12;s:14:\"core\/list-item\";}s:8:\"uag_flag\";b:1;s:11:\"uag_version\";s:10:\"1777811347\";s:6:\"gfonts\";a:0:{}s:10:\"gfonts_url\";s:0:\"\";s:12:\"gfonts_files\";a:0:{}s:14:\"uag_faq_layout\";b:0;}"]},"uagb_featured_image_src":{"full":false,"thumbnail":false,"medium":false,"medium_large":false,"large":false,"1536x1536":false,"2048x2048":false,"album-thumb":false,"photo-thumb":false},"uagb_author_info":{"display_name":"admin","author_link":"https:\/\/argonavtskimaraton.si\/n\/author\/admin\/"},"uagb_comment_info":0,"uagb_excerpt":"Start maratona je na Jelov\u0161kovi cesti na Vrhniki in zavije levo proti Borovnici, nadaljuje proti Podpe\u010di, Notranjim in Vnanjim Goricam (med 19km in 21km trasa dvakrat pre\u010dka \u017eelezni\u0161ko progo) in Brezovici pri Ljubljani, kjer zavije desno na Tr\u017ea\u0161ko cesto. Pri Paviljonu trasa zavije levo proti Dobrovi ter nadaljuje v smeri Horjula, kjer V Zaklancu zavije&hellip;","_links":{"self":[{"href":"https:\/\/argonavtskimaraton.si\/n\/wp-json\/wp\/v2\/pages\/27","targetHints":{"allow":["GET"]}}],"collection":[{"href":"https:\/\/argonavtskimaraton.si\/n\/wp-json\/wp\/v2\/pages"}],"about":[{"href":"https:\/\/argonavtskimaraton.si\/n\/wp-json\/wp\/v2\/types\/page"}],"author":[{"embeddable":true,"href":"https:\/\/argonavtskimaraton.si\/n\/wp-json\/wp\/v2\/users\/1"}],"replies":[{"embeddable":true,"href":"https:\/\/argonavtskimaraton.si\/n\/wp-json\/wp\/v2\/comments?post=27"}],"version-history":[{"count":39,"href":"https:\/\/argonavtskimaraton.si\/n\/wp-json\/wp\/v2\/pages\/27\/revisions"}],"predecessor-version":[{"id":7411,"href":"https:\/\/argonavtskimaraton.si\/n\/wp-json\/wp\/v2\/pages\/27\/revisions\/7411"}],"wp:attachment":[{"href":"https:\/\/argonavtskimaraton.si\/n\/wp-json\/wp\/v2\/media?parent=27"}],"wp:term":[{"taxonomy":"category","embeddable":true,"href":"https:\/\/argonavtskimaraton.si\/n\/wp-json\/wp\/v2\/categories?post=27"}],"curies":[{"name":"wp","href":"https:\/\/api.w.org\/{rel}","templated":true}]}}